{"id":4344,"date":"2025-01-14T14:08:48","date_gmt":"2025-01-14T13:08:48","guid":{"rendered":"https:\/\/wp2025.wapico.ch\/contact\/"},"modified":"2025-06-12T14:29:52","modified_gmt":"2025-06-12T12:29:52","slug":"contact","status":"publish","type":"page","link":"https:\/\/wapico.ch\/fr\/contact\/","title":{"rendered":"Contact"},"content":{"rendered":"\t\t<div data-elementor-type=\"wp-page\" data-elementor-id=\"4344\" class=\"elementor elementor-4344 elementor-264\" data-elementor-post-type=\"page\">\n\t\t\t\t<div class=\"elementor-element elementor-element-b3512db e-con-full e-flex e-con e-parent\" data-id=\"b3512db\" data-element_type=\"container\">\n\t\t<div class=\"elementor-element elementor-element-6bddbcc e-con-full e-flex e-con e-child\" data-id=\"6bddbcc\" data-element_type=\"container\">\n\t\t\t\t<div class=\"elementor-element elementor-element-ca68487 elementor-widget elementor-widget-heading\" data-id=\"ca68487\" data-element_type=\"widget\" data-widget_type=\"heading.default\">\n\t\t\t\t<div class=\"elementor-widget-container\">\n\t\t\t\t\t<h1 class=\"elementor-heading-title elementor-size-default\">\u00c0 propos de nous<\/h1>\t\t\t\t<\/div>\n\t\t\t\t<\/div>\n\t\t\t\t<div class=\"elementor-element elementor-element-17fccf1 elementor-widget elementor-widget-text-editor\" data-id=\"17fccf1\" data-element_type=\"widget\" data-widget_type=\"text-editor.default\">\n\t\t\t\t<div class=\"elementor-widget-container\">\n\t\t\t\t\t\t\t\t\t<p>Vous racontez, nous \u00e9coutons et allons plus loin. Attentifs et orient\u00e9s solutions, nous vous guidons \u00e0 travers la jungle du monde visuel et strat\u00e9gique. Demandez-nous. Nous ne tournons pas autour du pot et trouvons votre solution.<\/p>\n<p>Fond\u00e9e en 2007 par Ren\u00e9 Walker et Olaf Pilleri, Wapico est aujourd\u2019hui co-dirig\u00e9e par Charlotte Walker et Margaux Joly. Tout aussi cr\u00e9atives et engag\u00e9es, elles perp\u00e9tuent le sens du d\u00e9tail et l\u2019exigence de qualit\u00e9. Avec elles, un vent de fra\u00eecheur et des id\u00e9es inspirantes et color\u00e9es.<\/p>\n\t\t\t\t\t\t\t\t<\/div>\n\t\t\t\t<\/div>\n\t\t\t\t<div class=\"elementor-element elementor-element-b97e390 elementor-widget elementor-widget-spacer\" data-id=\"b97e390\" data-element_type=\"widget\" data-widget_type=\"spacer.default\">\n\t\t\t\t<div class=\"elementor-widget-container\">\n\t\t\t\t\t\t\t<div class=\"elementor-spacer\">\n\t\t\t<div class=\"elementor-spacer-inner\"><\/div>\n\t\t<\/div>\n\t\t\t\t\t\t<\/div>\n\t\t\t\t<\/div>\n\t\t\t\t<\/div>\n\t\t\t\t<\/div>\n\t\t<div class=\"elementor-element elementor-element-d1aed4f e-con-full e-flex e-con e-parent\" data-id=\"d1aed4f\" data-element_type=\"container\">\n\t\t<div class=\"elementor-element elementor-element-3f107df e-con-full e-flex e-con e-child\" data-id=\"3f107df\" data-element_type=\"container\">\n\t\t\t\t<div class=\"elementor-element elementor-element-0124fad elementor-widget__width-initial elementor-widget-mobile__width-initial elementor-widget elementor-widget-text-editor\" data-id=\"0124fad\" data-element_type=\"widget\" data-widget_type=\"text-editor.default\">\n\t\t\t\t<div class=\"elementor-widget-container\">\n\t\t\t\t\t\t\t\t\t<p>wapico sa<br \/>Lorrainestrasse 15a<br \/>3013 Berne<\/p>\n<p>&nbsp;<\/p>\n<p>Rue des Pillettes 1<br \/>1700 Fribourg<\/p>\n<p>&nbsp;<\/p>\n<p>+41 31 330 28 30<br \/><a href=\"mailto:info@wapico.ch\">info@wapico.ch<\/a><\/p>\n\t\t\t\t\t\t\t\t<\/div>\n\t\t\t\t<\/div>\n\t\t\t\t<\/div>\n\t\t\t\t<\/div>\n\t\t<div class=\"elementor-element elementor-element-8b8d6d3 e-con-full e-flex e-con e-parent\" data-id=\"8b8d6d3\" data-element_type=\"container\">\n\t\t<div class=\"elementor-element elementor-element-58b4d1d e-con-full e-flex e-con e-child\" data-id=\"58b4d1d\" data-element_type=\"container\">\n\t\t\t\t<div class=\"elementor-element elementor-element-3acb587 elementor-widget elementor-widget-spacer\" data-id=\"3acb587\" data-element_type=\"widget\" data-widget_type=\"spacer.default\">\n\t\t\t\t<div class=\"elementor-widget-container\">\n\t\t\t\t\t\t\t<div class=\"elementor-spacer\">\n\t\t\t<div class=\"elementor-spacer-inner\"><\/div>\n\t\t<\/div>\n\t\t\t\t\t\t<\/div>\n\t\t\t\t<\/div>\n\t\t\t\t<div class=\"elementor-element elementor-element-ae01450 elementor-widget elementor-widget-heading\" data-id=\"ae01450\" data-element_type=\"widget\" data-widget_type=\"heading.default\">\n\t\t\t\t<div class=\"elementor-widget-container\">\n\t\t\t\t\t<h2 class=\"elementor-heading-title elementor-size-default\">Envie d'un caf\u00e9 ?<\/h2>\t\t\t\t<\/div>\n\t\t\t\t<\/div>\n\t\t\t\t<div class=\"elementor-element elementor-element-195ee0a elementor-widget elementor-widget-text-editor\" data-id=\"195ee0a\" data-element_type=\"widget\" data-widget_type=\"text-editor.default\">\n\t\t\t\t<div class=\"elementor-widget-container\">\n\t\t\t\t\t\t\t\t\t<p>Passez nous voir pour un caf\u00e9. Faisons connaissance.<br \/>Posez-nous vos questions. Nous allons droit au but et trouvons votre solution.<\/p>\n\t\t\t\t\t\t\t\t<\/div>\n\t\t\t\t<\/div>\n\t\t\t\t<\/div>\n\t\t<div class=\"elementor-element elementor-element-094595e e-con-full e-flex e-con e-child\" data-id=\"094595e\" data-element_type=\"container\">\n\t\t\t\t<div class=\"elementor-element elementor-element-f49d898 elementor-button-align-end elementor-widget elementor-widget-form\" data-id=\"f49d898\" data-element_type=\"widget\" data-settings=\"{&quot;step_next_label&quot;:&quot;Suivant&quot;,&quot;step_previous_label&quot;:&quot;Pr\\u00e9c\\u00e9dent&quot;,&quot;button_width&quot;:&quot;100&quot;,&quot;step_type&quot;:&quot;number_text&quot;,&quot;step_icon_shape&quot;:&quot;circle&quot;}\" data-widget_type=\"form.default\">\n\t\t\t\t<div class=\"elementor-widget-container\">\n\t\t\t\t\t\t\t<form class=\"elementor-form\" method=\"post\" name=\"Contact\" aria-label=\"Contact\">\n\t\t\t<input type=\"hidden\" name=\"post_id\" value=\"4344\"\/>\n\t\t\t<input type=\"hidden\" name=\"form_id\" value=\"f49d898\"\/>\n\t\t\t<input type=\"hidden\" name=\"referer_title\" value=\"Contact | wapico\" \/>\n\n\t\t\t\t\t\t\t<input type=\"hidden\" name=\"queried_id\" value=\"4344\"\/>\n\t\t\t\n\t\t\t<div class=\"elementor-form-fields-wrapper elementor-labels-\">\n\t\t\t\t\t\t\t\t<div class=\"elementor-field-type-text elementor-field-group elementor-column elementor-field-group-name elementor-col-100 elementor-field-required\">\n\t\t\t\t\t\t\t\t\t\t\t\t<label for=\"form-field-name\" class=\"elementor-field-label elementor-screen-only\">\n\t\t\t\t\t\t\t\tNom\t\t\t\t\t\t\t<\/label>\n\t\t\t\t\t\t\t\t\t\t\t\t\t\t<input size=\"1\" type=\"text\" name=\"form_fields[name]\" id=\"form-field-name\" class=\"elementor-field elementor-size-md  elementor-field-textual\" placeholder=\"Nom\" required=\"required\">\n\t\t\t\t\t\t\t\t\t\t\t<\/div>\n\t\t\t\t\t\t\t\t<div class=\"elementor-field-type-email elementor-field-group elementor-column elementor-field-group-email elementor-col-50 elementor-field-required\">\n\t\t\t\t\t\t\t\t\t\t\t\t<label for=\"form-field-email\" class=\"elementor-field-label elementor-screen-only\">\n\t\t\t\t\t\t\t\tE-Mail\t\t\t\t\t\t\t<\/label>\n\t\t\t\t\t\t\t\t\t\t\t\t\t\t<input size=\"1\" type=\"email\" name=\"form_fields[email]\" id=\"form-field-email\" class=\"elementor-field elementor-size-md  elementor-field-textual\" placeholder=\"E-Mail\" required=\"required\">\n\t\t\t\t\t\t\t\t\t\t\t<\/div>\n\t\t\t\t\t\t\t\t<div class=\"elementor-field-type-text elementor-field-group elementor-column elementor-field-group-field_52436de elementor-col-50\">\n\t\t\t\t\t\t\t\t\t\t\t\t<label for=\"form-field-field_52436de\" class=\"elementor-field-label elementor-screen-only\">\n\t\t\t\t\t\t\t\tNum\u00e9ro de t\u00e9l\u00e9phone\t\t\t\t\t\t\t<\/label>\n\t\t\t\t\t\t\t\t\t\t\t\t\t\t<input size=\"1\" type=\"text\" name=\"form_fields[field_52436de]\" id=\"form-field-field_52436de\" class=\"elementor-field elementor-size-md  elementor-field-textual\" placeholder=\"Num\u00e9ro de t\u00e9l\u00e9phone\">\n\t\t\t\t\t\t\t\t\t\t\t<\/div>\n\t\t\t\t\t\t\t\t<div class=\"elementor-field-type-textarea elementor-field-group elementor-column elementor-field-group-message elementor-col-100 elementor-field-required\">\n\t\t\t\t\t\t\t\t\t\t\t\t<label for=\"form-field-message\" class=\"elementor-field-label elementor-screen-only\">\n\t\t\t\t\t\t\t\tMessage\t\t\t\t\t\t\t<\/label>\n\t\t\t\t\t\t<textarea class=\"elementor-field-textual elementor-field  elementor-size-md\" name=\"form_fields[message]\" id=\"form-field-message\" rows=\"4\" placeholder=\"Message\" required=\"required\"><\/textarea>\t\t\t\t<\/div>\n\t\t\t\t\t\t\t\t<div class=\"elementor-field-type-radio elementor-field-group elementor-column elementor-field-group-field_3b49bf6 elementor-col-50 elementor-field-required\">\n\t\t\t\t\t<div class=\"elementor-field-subgroup  \"><span class=\"elementor-field-option\"><input type=\"radio\" value=\"Je souhaite \u00eatre contact\u00e9 par mail&lt;br&gt;Je souhaite \u00eatre contact\u00e9 par t\u00e9l\u00e9phone\" id=\"form-field-field_3b49bf6-0\" name=\"form_fields[field_3b49bf6]\" required=\"required\"> <label for=\"form-field-field_3b49bf6-0\">Je souhaite \u00eatre contact\u00e9 par mail<br>Je souhaite \u00eatre contact\u00e9 par t\u00e9l\u00e9phone<\/label><\/span><\/div>\t\t\t\t<\/div>\n\t\t\t\t\t\t\t\t<div class=\"elementor-field-group elementor-column elementor-field-type-submit elementor-col-100 e-form__buttons\">\n\t\t\t\t\t<button class=\"elementor-button elementor-size-sm\" type=\"submit\">\n\t\t\t\t\t\t<span class=\"elementor-button-content-wrapper\">\n\t\t\t\t\t\t\t\t\t\t\t\t\t\t\t<span class=\"elementor-button-icon\">\n\t\t\t\t\t\t\t\t\t<svg xmlns=\"http:\/\/www.w3.org\/2000\/svg\" id=\"Calque_1\" viewBox=\"0 0 19 15\"><defs><style>      .st0 {        isolation: isolate;      }    <\/style><\/defs><g id=\"_\" class=\"st0\"><g class=\"st0\"><path d=\"M9.87,12.77l4.35-4.35H1.41v-1.84h12.81l-4.35-4.35,1.24-1.24,6.48,6.51-6.48,6.51-1.24-1.24Z\"><\/path><\/g><\/g><\/svg>\t\t\t\t\t\t\t\t\t\t\t\t\t\t\t\t\t<\/span>\n\t\t\t\t\t\t\t\t\t\t\t\t\t\t\t\t\t\t\t\t\t\t<span class=\"elementor-button-text\">envoyer<\/span>\n\t\t\t\t\t\t\t\t\t\t\t\t\t<\/span>\n\t\t\t\t\t<\/button>\n\t\t\t\t<\/div>\n\t\t\t<\/div>\n\t\t<\/form>\n\t\t\t\t\t\t<\/div>\n\t\t\t\t<\/div>\n\t\t\t\t<\/div>\n\t\t\t\t<\/div>\n\t\t\t\t<\/div>\n\t\t","protected":false},"excerpt":{"rendered":"<p>\u00c0 propos de nous Vous racontez, nous \u00e9coutons et allons plus loin. Attentifs et orient\u00e9s solutions, nous vous guidons \u00e0 travers la jungle du monde visuel et strat\u00e9gique. Demandez-nous. Nous ne tournons pas autour du pot et trouvons votre solution. Fond\u00e9e en 2007 par Ren\u00e9 Walker et Olaf Pilleri, Wapico est aujourd\u2019hui co-dirig\u00e9e par Charlotte [&hellip;]<\/p>\n","protected":false},"author":1,"featured_media":0,"parent":0,"menu_order":0,"comment_status":"closed","ping_status":"closed","template":"elementor_theme","meta":{"_acf_changed":false,"footnotes":""},"class_list":["post-4344","page","type-page","status-publish","hentry"],"acf":[],"_links":{"self":[{"href":"https:\/\/wapico.ch\/fr\/wp-json\/wp\/v2\/pages\/4344","targetHints":{"allow":["GET"]}}],"collection":[{"href":"https:\/\/wapico.ch\/fr\/wp-json\/wp\/v2\/pages"}],"about":[{"href":"https:\/\/wapico.ch\/fr\/wp-json\/wp\/v2\/types\/page"}],"author":[{"embeddable":true,"href":"https:\/\/wapico.ch\/fr\/wp-json\/wp\/v2\/users\/1"}],"replies":[{"embeddable":true,"href":"https:\/\/wapico.ch\/fr\/wp-json\/wp\/v2\/comments?post=4344"}],"version-history":[{"count":30,"href":"https:\/\/wapico.ch\/fr\/wp-json\/wp\/v2\/pages\/4344\/revisions"}],"predecessor-version":[{"id":5659,"href":"https:\/\/wapico.ch\/fr\/wp-json\/wp\/v2\/pages\/4344\/revisions\/5659"}],"wp:attachment":[{"href":"https:\/\/wapico.ch\/fr\/wp-json\/wp\/v2\/media?parent=4344"}],"curies":[{"name":"wp","href":"https:\/\/api.w.org\/{rel}","templated":true}]}}